{"id":53,"date":"2025-04-16T19:50:07","date_gmt":"2025-04-16T17:50:07","guid":{"rendered":"https:\/\/basquecrosscamp.com\/?page_id=53"},"modified":"2026-01-26T10:28:13","modified_gmt":"2026-01-26T09:28:13","slug":"sobre-nosotros","status":"publish","type":"page","link":"https:\/\/basquecrosscamp.com\/es\/sobre-nosotros\/","title":{"rendered":"Guri buruz"},"content":{"rendered":"<div data-elementor-type=\"wp-page\" data-elementor-id=\"53\" class=\"elementor elementor-53\" data-elementor-post-type=\"page\">\n\t\t\t\t<div class=\"elementor-element elementor-element-7263dde e-flex e-con-boxed e-con e-parent\" data-id=\"7263dde\" data-element_type=\"container\" data-settings=\"{&quot;background_background&quot;:&quot;classic&quot;,&quot;shape_divider_bottom&quot;:&quot;tilt&quot;}\">\n\t\t\t\t\t<div class=\"e-con-inner\">\n\t\t\t\t<div class=\"elementor-shape elementor-shape-bottom\" aria-hidden=\"true\" data-negative=\"false\">\n\t\t\t<svg xmlns=\"http:\/\/www.w3.org\/2000\/svg\" viewbox=\"0 0 1000 100\" preserveaspectratio=\"none\">\n\t<path class=\"elementor-shape-fill\" d=\"M0,6V0h1000v100L0,6z\"\/>\n<\/svg>\t\t<\/div>\n\t\t\t\t<div class=\"elementor-element elementor-element-0ed358d elementor-widget elementor-widget-heading\" data-id=\"0ed358d\" data-element_type=\"widget\" data-widget_type=\"heading.default\">\n\t\t\t\t<div class=\"elementor-widget-container\">\n\t\t\t\t\t<h1 class=\"elementor-heading-title elementor-size-default\">\u00bfQu\u00e9 es Basque Cross Camp?<\/h1>\t\t\t\t<\/div>\n\t\t\t\t<\/div>\n\t\t\t\t\t<\/div>\n\t\t\t\t<\/div>\n\t\t<div class=\"elementor-element elementor-element-7d33345 e-flex e-con-boxed e-con e-parent\" data-id=\"7d33345\" data-element_type=\"container\">\n\t\t\t\t\t<div class=\"e-con-inner\">\n\t\t\t\t<div class=\"elementor-element elementor-element-52feb7f elementor-widget__width-initial elementor-widget elementor-widget-text-editor\" data-id=\"52feb7f\" data-element_type=\"widget\" data-widget_type=\"text-editor.default\">\n\t\t\t\t<div class=\"elementor-widget-container\">\n\t\t\t\t\t\t\t\t\t<p>Basque Cross Camp surge de la uni\u00f3n de BasqueQ Events, Basque CrossFit Txapelketa y CrossFit Santurtzi, tres proyectos con una amplia trayectoria en el \u00e1mbito deportivo y organizativo.<\/p><p>Tras a\u00f1os de experiencia llegando a miles de personas adultas a trav\u00e9s de eventos deportivos, el equipo decide dar un paso m\u00e1s y trasladar ese conocimiento al \u00e1mbito educativo, creando un proyecto espec\u00edfico para infancia y juventud.<\/p><p>Basque Cross Camp trabaja directamente con centros escolares y familias para ofrecer una propuesta educativa basada en el deporte, la cultura y los valores, utilizando el euskera como eje vertebrador y el movimiento como herramienta de aprendizaje, crecimiento personal y cohesi\u00f3n social.<\/p>\t\t\t\t\t\t\t\t<\/div>\n\t\t\t\t<\/div>\n\t\t\t\t\t<\/div>\n\t\t\t\t<\/div>\n\t\t<div class=\"elementor-element elementor-element-fc45c52 e-flex e-con-boxed e-con e-parent\" data-id=\"fc45c52\" data-element_type=\"container\" data-settings=\"{&quot;background_background&quot;:&quot;classic&quot;}\">\n\t\t\t\t\t<div class=\"e-con-inner\">\n\t\t<div class=\"elementor-element elementor-element-b8c7a39 e-con-full e-flex e-con e-child\" data-id=\"b8c7a39\" data-element_type=\"container\">\n\t\t\t\t<div class=\"elementor-element elementor-element-30f677d elementor-widget elementor-widget-heading\" data-id=\"30f677d\" data-element_type=\"widget\" data-widget_type=\"heading.default\">\n\t\t\t\t<div class=\"elementor-widget-container\">\n\t\t\t\t\t<h2 class=\"elementor-heading-title elementor-size-default\">NUESTRA MISI\u00d3N ES...<\/h2>\t\t\t\t<\/div>\n\t\t\t\t<\/div>\n\t\t\t\t<\/div>\n\t\t<div class=\"elementor-element elementor-element-65a9184 e-con-full e-flex e-con e-child\" data-id=\"65a9184\" data-element_type=\"container\">\n\t\t\t\t<div class=\"elementor-element elementor-element-080a47a elementor-widget__width-initial elementor-widget elementor-widget-text-editor\" data-id=\"080a47a\" data-element_type=\"widget\" data-widget_type=\"text-editor.default\">\n\t\t\t\t<div class=\"elementor-widget-container\">\n\t\t\t\t\t\t\t\t\t<p>Transmitir valores a ni\u00f1os y j\u00f3venes a trav\u00e9s del deporte y la cultura vasca, utilizando el deporte como herramienta educativa, de crecimiento personal y de relaci\u00f3n.<\/p>\t\t\t\t\t\t\t\t<\/div>\n\t\t\t\t<\/div>\n\t\t\t\t<\/div>\n\t\t\t\t\t<\/div>\n\t\t\t\t<\/div>\n\t\t<div class=\"elementor-element elementor-element-1dab0d7 e-flex e-con-boxed e-con e-parent\" data-id=\"1dab0d7\" data-element_type=\"container\">\n\t\t\t\t\t<div class=\"e-con-inner\">\n\t\t<div class=\"elementor-element elementor-element-a6ab0dd e-con-full e-flex e-con e-child\" data-id=\"a6ab0dd\" data-element_type=\"container\">\n\t\t\t\t<div class=\"elementor-element elementor-element-dc6190c elementor-widget elementor-widget-heading\" data-id=\"dc6190c\" data-element_type=\"widget\" data-widget_type=\"heading.default\">\n\t\t\t\t<div class=\"elementor-widget-container\">\n\t\t\t\t\t<h3 class=\"elementor-heading-title elementor-size-default\">Valores<\/h3>\t\t\t\t<\/div>\n\t\t\t\t<\/div>\n\t\t<div class=\"elementor-element elementor-element-76d6e21 e-con-full e-grid e-con e-child\" data-id=\"76d6e21\" data-element_type=\"container\">\n\t\t<div class=\"elementor-element elementor-element-939e507 e-con-full e-flex e-con e-child\" data-id=\"939e507\" data-element_type=\"container\">\n\t\t\t\t<div class=\"elementor-element elementor-element-cb4f869 elementor-widget elementor-widget-heading\" data-id=\"cb4f869\" data-element_type=\"widget\" data-widget_type=\"heading.default\">\n\t\t\t\t<div class=\"elementor-widget-container\">\n\t\t\t\t\t<h3 class=\"elementor-heading-title elementor-size-default\">Igualdad e inclusi\u00f3n<\/h3>\t\t\t\t<\/div>\n\t\t\t\t<\/div>\n\t\t\t\t<div class=\"elementor-element elementor-element-42de257 elementor-widget elementor-widget-text-editor\" data-id=\"42de257\" data-element_type=\"widget\" data-widget_type=\"text-editor.default\">\n\t\t\t\t<div class=\"elementor-widget-container\">\n\t\t\t\t\t\t\t\t\t<p>Mismas oportunidades para chicas y chicos<\/p>\t\t\t\t\t\t\t\t<\/div>\n\t\t\t\t<\/div>\n\t\t\t\t<\/div>\n\t\t<div class=\"elementor-element elementor-element-3cd26b6 e-con-full e-flex e-con e-child\" data-id=\"3cd26b6\" data-element_type=\"container\">\n\t\t\t\t<div class=\"elementor-element elementor-element-2d38851 elementor-widget elementor-widget-heading\" data-id=\"2d38851\" data-element_type=\"widget\" data-widget_type=\"heading.default\">\n\t\t\t\t<div class=\"elementor-widget-container\">\n\t\t\t\t\t<h3 class=\"elementor-heading-title elementor-size-default\">Respeto<\/h3>\t\t\t\t<\/div>\n\t\t\t\t<\/div>\n\t\t\t\t<div class=\"elementor-element elementor-element-6ee846f elementor-widget elementor-widget-text-editor\" data-id=\"6ee846f\" data-element_type=\"widget\" data-widget_type=\"text-editor.default\">\n\t\t\t\t<div class=\"elementor-widget-container\">\n\t\t\t\t\t\t\t\t\t<p>Tanto hacia las personas como hacia el medio ambiente<\/p>\t\t\t\t\t\t\t\t<\/div>\n\t\t\t\t<\/div>\n\t\t\t\t<\/div>\n\t\t<div class=\"elementor-element elementor-element-56282b6 e-con-full e-flex e-con e-child\" data-id=\"56282b6\" data-element_type=\"container\">\n\t\t\t\t<div class=\"elementor-element elementor-element-090d21a elementor-widget elementor-widget-heading\" data-id=\"090d21a\" data-element_type=\"widget\" data-widget_type=\"heading.default\">\n\t\t\t\t<div class=\"elementor-widget-container\">\n\t\t\t\t\t<h3 class=\"elementor-heading-title elementor-size-default\">Autosuperaci\u00f3n y resiliencia<\/h3>\t\t\t\t<\/div>\n\t\t\t\t<\/div>\n\t\t\t\t<div class=\"elementor-element elementor-element-10d8c29 elementor-widget elementor-widget-text-editor\" data-id=\"10d8c29\" data-element_type=\"widget\" data-widget_type=\"text-editor.default\">\n\t\t\t\t<div class=\"elementor-widget-container\">\n\t\t\t\t\t\t\t\t\t<p class=\"cvGsUA direction-ltr align-start para-style-body\">aprender a enfrentarse a los retos y a mejorar poco a poco<\/p>\t\t\t\t\t\t\t\t<\/div>\n\t\t\t\t<\/div>\n\t\t\t\t<\/div>\n\t\t<div class=\"elementor-element elementor-element-c7fd48c e-con-full e-flex e-con e-child\" data-id=\"c7fd48c\" data-element_type=\"container\">\n\t\t\t\t<div class=\"elementor-element elementor-element-4bb8092 elementor-widget elementor-widget-heading\" data-id=\"4bb8092\" data-element_type=\"widget\" data-widget_type=\"heading.default\">\n\t\t\t\t<div class=\"elementor-widget-container\">\n\t\t\t\t\t<h3 class=\"elementor-heading-title elementor-size-default\">Salud f\u00edsica y mental<\/h3>\t\t\t\t<\/div>\n\t\t\t\t<\/div>\n\t\t\t\t<div class=\"elementor-element elementor-element-6e2b69c elementor-widget elementor-widget-text-editor\" data-id=\"6e2b69c\" data-element_type=\"widget\" data-widget_type=\"text-editor.default\">\n\t\t\t\t<div class=\"elementor-widget-container\">\n\t\t\t\t\t\t\t\t\t<p>Fomentando h\u00e1bitos de vida activos y saludables<\/p>\t\t\t\t\t\t\t\t<\/div>\n\t\t\t\t<\/div>\n\t\t\t\t<\/div>\n\t\t<div class=\"elementor-element elementor-element-ef22be7 e-con-full e-flex e-con e-child\" data-id=\"ef22be7\" data-element_type=\"container\">\n\t\t\t\t<div class=\"elementor-element elementor-element-5d5a52f elementor-widget elementor-widget-heading\" data-id=\"5d5a52f\" data-element_type=\"widget\" data-widget_type=\"heading.default\">\n\t\t\t\t<div class=\"elementor-widget-container\">\n\t\t\t\t\t<h3 class=\"elementor-heading-title elementor-size-default\">Trabajo en equipo<\/h3>\t\t\t\t<\/div>\n\t\t\t\t<\/div>\n\t\t\t\t<div class=\"elementor-element elementor-element-bd57ac1 elementor-widget elementor-widget-text-editor\" data-id=\"bd57ac1\" data-element_type=\"widget\" data-widget_type=\"text-editor.default\">\n\t\t\t\t<div class=\"elementor-widget-container\">\n\t\t\t\t\t\t\t\t\t<p>Compa\u00f1erismo y juego limpio<\/p>\t\t\t\t\t\t\t\t<\/div>\n\t\t\t\t<\/div>\n\t\t\t\t<\/div>\n\t\t<div class=\"elementor-element elementor-element-ca40d16 e-con-full e-flex e-con e-child\" data-id=\"ca40d16\" data-element_type=\"container\">\n\t\t\t\t<div class=\"elementor-element elementor-element-a4ef2cf elementor-widget elementor-widget-heading\" data-id=\"a4ef2cf\" data-element_type=\"widget\" data-widget_type=\"heading.default\">\n\t\t\t\t<div class=\"elementor-widget-container\">\n\t\t\t\t\t<h3 class=\"elementor-heading-title elementor-size-default\">Diversi\u00f3n y buen ambiente<\/h3>\t\t\t\t<\/div>\n\t\t\t\t<\/div>\n\t\t\t\t<div class=\"elementor-element elementor-element-1e9052e elementor-widget elementor-widget-text-editor\" data-id=\"1e9052e\" data-element_type=\"widget\" data-widget_type=\"text-editor.default\">\n\t\t\t\t<div class=\"elementor-widget-container\">\n\t\t\t\t\t\t\t\t\t<p>Para que cada joven se sienta parte de un grupo donde est\u00e9 a gusto y motivado<\/p>\t\t\t\t\t\t\t\t<\/div>\n\t\t\t\t<\/div>\n\t\t\t\t<\/div>\n\t\t\t\t<\/div>\n\t\t\t\t<\/div>\n\t\t\t\t\t<\/div>\n\t\t\t\t<\/div>\n\t\t\t\t<\/div>","protected":false},"excerpt":{"rendered":"<p>Zer da Basque Cross Camp? Basque Cross Camp, BasqueQ Events, Basque CrossFit Txapelketa eta CrossFit Santurtzi proiektuen arteko elkarlanetik sortu [&hellip;]<\/p>","protected":false},"author":1,"featured_media":0,"parent":0,"menu_order":0,"comment_status":"closed","ping_status":"closed","template":"","meta":{"site-sidebar-layout":"no-sidebar","site-content-layout":"","ast-site-content-layout":"full-width-container","site-content-style":"default","site-sidebar-style":"default","ast-global-header-display":"","ast-banner-title-visibility":"","ast-main-header-display":"","ast-hfb-above-header-display":"","ast-hfb-below-header-display":"","ast-hfb-mobile-header-display":"","site-post-title":"disabled","ast-breadcrumbs-content":"","ast-featured-img":"disabled","footer-sml-layout":"","ast-disable-related-posts":"","theme-transparent-header-meta":"","adv-header-id-meta":"","stick-header-meta":"","header-above-stick-meta":"","header-main-stick-meta":"","header-below-stick-meta":"","astra-migrate-meta-layouts":"default","ast-page-background-enabled":"default","ast-page-background-meta":{"desktop":{"background-color":"var(--ast-global-color-5)","background-image":"","background-repeat":"repeat","background-position":"center center","background-size":"auto","background-attachment":"scroll","background-type":"","background-media":"","overlay-type":"","overlay-color":"","overlay-opacity":"","overlay-gradient":""},"tablet":{"background-color":"","background-image":"","background-repeat":"repeat","background-position":"center center","background-size":"auto","background-attachment":"scroll","background-type":"","background-media":"","overlay-type":"","overlay-color":"","overlay-opacity":"","overlay-gradient":""},"mobile":{"background-color":"","background-image":"","background-repeat":"repeat","background-position":"center center","background-size":"auto","background-attachment":"scroll","background-type":"","background-media":"","overlay-type":"","overlay-color":"","overlay-opacity":"","overlay-gradient":""}},"ast-content-background-meta":{"desktop":{"background-color":"var(--ast-global-color-4)","background-image":"","background-repeat":"repeat","background-position":"center center","background-size":"auto","background-attachment":"scroll","background-type":"","background-media":"","overlay-type":"","overlay-color":"","overlay-opacity":"","overlay-gradient":""},"tablet":{"background-color":"var(--ast-global-color-4)","background-image":"","background-repeat":"repeat","background-position":"center center","background-size":"auto","background-attachment":"scroll","background-type":"","background-media":"","overlay-type":"","overlay-color":"","overlay-opacity":"","overlay-gradient":""},"mobile":{"background-color":"var(--ast-global-color-4)","background-image":"","background-repeat":"repeat","background-position":"center center","background-size":"auto","background-attachment":"scroll","background-type":"","background-media":"","overlay-type":"","overlay-color":"","overlay-opacity":"","overlay-gradient":""}},"footnotes":""},"class_list":["post-53","page","type-page","status-publish","hentry"],"_links":{"self":[{"href":"https:\/\/basquecrosscamp.com\/es\/wp-json\/wp\/v2\/pages\/53","targetHints":{"allow":["GET"]}}],"collection":[{"href":"https:\/\/basquecrosscamp.com\/es\/wp-json\/wp\/v2\/pages"}],"about":[{"href":"https:\/\/basquecrosscamp.com\/es\/wp-json\/wp\/v2\/types\/page"}],"author":[{"embeddable":true,"href":"https:\/\/basquecrosscamp.com\/es\/wp-json\/wp\/v2\/users\/1"}],"replies":[{"embeddable":true,"href":"https:\/\/basquecrosscamp.com\/es\/wp-json\/wp\/v2\/comments?post=53"}],"version-history":[{"count":35,"href":"https:\/\/basquecrosscamp.com\/es\/wp-json\/wp\/v2\/pages\/53\/revisions"}],"predecessor-version":[{"id":423,"href":"https:\/\/basquecrosscamp.com\/es\/wp-json\/wp\/v2\/pages\/53\/revisions\/423"}],"wp:attachment":[{"href":"https:\/\/basquecrosscamp.com\/es\/wp-json\/wp\/v2\/media?parent=53"}],"curies":[{"name":"wp","href":"https:\/\/api.w.org\/{rel}","templated":true}]}}